{"id":8410,"date":"2024-07-25T17:18:19","date_gmt":"2024-07-25T17:18:19","guid":{"rendered":"https:\/\/totospets.com\/?post_type=product&#038;p=8410"},"modified":"2025-05-07T21:29:25","modified_gmt":"2025-05-07T21:29:25","slug":"memory-foam-orthopedic-boucle-pillow-dog-bed-creamy","status":"publish","type":"product","link":"https:\/\/totospets.com\/sl\/shop\/memory-foam-orthopedic-boucle-pillow-dog-bed-creamy\/","title":{"rendered":"Pli\u0161ani Personalizirani Krevet Za Pse \u2013 Kremasti"},"content":{"rendered":"\t\t<div data-elementor-type=\"wp-post\" data-elementor-id=\"8410\" class=\"elementor elementor-8410\" data-elementor-post-type=\"product\">\n\t\t\t\t\t\t<section class=\"elementor-section elementor-top-section elementor-element elementor-element-cdeb59f elementor-section-boxed elementor-section-height-default elementor-section-height-default\" data-id=\"cdeb59f\" data-element_type=\"section\">\n\t\t\t\t\t\t<div class=\"elementor-container elementor-column-gap-default\">\n\t\t\t\t\t<div class=\"elementor-column elementor-col-100 elementor-top-column elementor-element elementor-element-68f8117\" data-id=\"68f8117\" data-element_type=\"column\">\n\t\t\t<div class=\"elementor-widget-wrap elementor-element-populated\">\n\t\t\t\t\t\t<section class=\"elementor-section elementor-inner-section elementor-element elementor-element-97e21a6 elementor-section-boxed elementor-section-height-default elementor-section-height-default\" data-id=\"97e21a6\" data-element_type=\"section\">\n\t\t\t\t\t\t<div class=\"elementor-container elementor-column-gap-default\">\n\t\t\t\t\t<div class=\"elementor-column elementor-col-50 elementor-inner-column elementor-element elementor-element-3b80938\" data-id=\"3b80938\" data-element_type=\"column\">\n\t\t\t<div class=\"elementor-widget-wrap elementor-element-populated\">\n\t\t\t\t\t\t<div class=\"elementor-element elementor-element-e7f012d elementor-align-left elementor-icon-list--layout-traditional elementor-list-item-link-full_width elementor-widget elementor-widget-icon-list\" data-id=\"e7f012d\" data-element_type=\"widget\" data-widget_type=\"icon-list.default\">\n\t\t\t\t<div class=\"elementor-widget-container\">\n\t\t\t<link rel=\"stylesheet\" href=\"https:\/\/totospets.com\/wp-content\/uploads\/elementor\/css\/custom-widget-icon-list.min.css?ver=1746651839\">\t\t<ul class=\"elementor-icon-list-items\">\n\t\t\t\t\t\t\t<li class=\"elementor-icon-list-item\">\n\t\t\t\t\t\t\t\t\t\t\t<span class=\"elementor-icon-list-icon\">\n\t\t\t\t\t\t\t<svg aria-hidden=\"true\" class=\"e-font-icon-svg e-fas-info\" viewBox=\"0 0 192 512\" xmlns=\"http:\/\/www.w3.org\/2000\/svg\"><path d=\"M20 424.229h20V279.771H20c-11.046 0-20-8.954-20-20V212c0-11.046 8.954-20 20-20h112c11.046 0 20 8.954 20 20v212.229h20c11.046 0 20 8.954 20 20V492c0 11.046-8.954 20-20 20H20c-11.046 0-20-8.954-20-20v-47.771c0-11.046 8.954-20 20-20zM96 0C56.235 0 24 32.235 24 72s32.235 72 72 72 72-32.235 72-72S135.764 0 96 0z\"><\/path><\/svg>\t\t\t\t\t\t<\/span>\n\t\t\t\t\t\t\t\t\t\t<span class=\"elementor-icon-list-text\">Materijal je vodoodbojni pli\u0161. Unutarnji jastuk izra\u0111en je od mekog punjenja, dok se vanjski dio sastoji od visokokvalitetne pjene.<\/span>\n\t\t\t\t\t\t\t\t\t<\/li>\n\t\t\t\t\t\t\t\t<li class=\"elementor-icon-list-item\">\n\t\t\t\t\t\t\t\t\t\t\t<span class=\"elementor-icon-list-icon\">\n\t\t\t\t\t\t\t<svg aria-hidden=\"true\" class=\"e-font-icon-svg e-fas-dog\" viewBox=\"0 0 576 512\" xmlns=\"http:\/\/www.w3.org\/2000\/svg\"><path d=\"M298.06,224,448,277.55V496a16,16,0,0,1-16,16H368a16,16,0,0,1-16-16V384H192V496a16,16,0,0,1-16,16H112a16,16,0,0,1-16-16V282.09C58.84,268.84,32,233.66,32,192a32,32,0,0,1,64,0,32.06,32.06,0,0,0,32,32ZM544,112v32a64,64,0,0,1-64,64H448v35.58L320,197.87V48c0-14.25,17.22-21.39,27.31-11.31L374.59,64h53.63c10.91,0,23.75,7.92,28.62,17.69L464,96h64A16,16,0,0,1,544,112Zm-112,0a16,16,0,1,0-16,16A16,16,0,0,0,432,112Z\"><\/path><\/svg>\t\t\t\t\t\t<\/span>\n\t\t\t\t\t\t\t\t\t\t<span class=\"elementor-icon-list-text\">Ovaj krevet za pse podr\u017eava zglobove i mi\u0161i\u0107e va\u0161eg ljubimca, pobolj\u0161avaju\u0107i udobnost i cjelokupno zdravlje.<\/span>\n\t\t\t\t\t\t\t\t\t<\/li>\n\t\t\t\t\t\t\t\t<li class=\"elementor-icon-list-item\">\n\t\t\t\t\t\t\t\t\t\t\t<span class=\"elementor-icon-list-icon\">\n\t\t\t\t\t\t\t<svg aria-hidden=\"true\" class=\"e-font-icon-svg e-far-star\" viewBox=\"0 0 576 512\" xmlns=\"http:\/\/www.w3.org\/2000\/svg\"><path d=\"M528.1 171.5L382 150.2 316.7 17.8c-11.7-23.6-45.6-23.9-57.4 0L194 150.2 47.9 171.5c-26.2 3.8-36.7 36.1-17.7 54.6l105.7 103-25 145.5c-4.5 26.3 23.2 46 46.4 33.7L288 439.6l130.7 68.7c23.2 12.2 50.9-7.4 46.4-33.7l-25-145.5 105.7-103c19-18.5 8.5-50.8-17.7-54.6zM388.6 312.3l23.7 138.4L288 385.4l-124.3 65.3 23.7-138.4-100.6-98 139-20.2 62.2-126 62.2 126 139 20.2-100.6 98z\"><\/path><\/svg>\t\t\t\t\t\t<\/span>\n\t\t\t\t\t\t\t\t\t\t<span class=\"elementor-icon-list-text\">Visokokvalitetni materijali osiguravaju izdr\u017eljivost i dugotrajnu udobnost. Proizvedeno u Hrvatskoj (Europa).<\/span>\n\t\t\t\t\t\t\t\t\t<\/li>\n\t\t\t\t\t\t\t\t<li class=\"elementor-icon-list-item\">\n\t\t\t\t\t\t\t\t\t\t\t<span class=\"elementor-icon-list-icon\">\n\t\t\t\t\t\t\t<svg aria-hidden=\"true\" class=\"e-font-icon-svg e-fas-paw\" viewBox=\"0 0 512 512\" xmlns=\"http:\/\/www.w3.org\/2000\/svg\"><path d=\"M256 224c-79.41 0-192 122.76-192 200.25 0 34.9 26.81 55.75 71.74 55.75 48.84 0 81.09-25.08 120.26-25.08 39.51 0 71.85 25.08 120.26 25.08 44.93 0 71.74-20.85 71.74-55.75C448 346.76 335.41 224 256 224zm-147.28-12.61c-10.4-34.65-42.44-57.09-71.56-50.13-29.12 6.96-44.29 40.69-33.89 75.34 10.4 34.65 42.44 57.09 71.56 50.13 29.12-6.96 44.29-40.69 33.89-75.34zm84.72-20.78c30.94-8.14 46.42-49.94 34.58-93.36s-46.52-72.01-77.46-63.87-46.42 49.94-34.58 93.36c11.84 43.42 46.53 72.02 77.46 63.87zm281.39-29.34c-29.12-6.96-61.15 15.48-71.56 50.13-10.4 34.65 4.77 68.38 33.89 75.34 29.12 6.96 61.15-15.48 71.56-50.13 10.4-34.65-4.77-68.38-33.89-75.34zm-156.27 29.34c30.94 8.14 65.62-20.45 77.46-63.87 11.84-43.42-3.64-85.21-34.58-93.36s-65.62 20.45-77.46 63.87c-11.84 43.42 3.64 85.22 34.58 93.36z\"><\/path><\/svg>\t\t\t\t\t\t<\/span>\n\t\t\t\t\t\t\t\t\t\t<span class=\"elementor-icon-list-text\">Jednostavan za transport i postavljanje gdje god vi i va\u0161 ljubimac idete.<\/span>\n\t\t\t\t\t\t\t\t\t<\/li>\n\t\t\t\t\t\t<\/ul>\n\t\t\t\t<\/div>\n\t\t\t\t<\/div>\n\t\t\t\t\t<\/div>\n\t\t<\/div>\n\t\t\t\t<div class=\"elementor-column elementor-col-50 elementor-inner-column elementor-element elementor-element-3cbd2ed\" data-id=\"3cbd2ed\" data-element_type=\"column\">\n\t\t\t<div class=\"elementor-widget-wrap elementor-element-populated\">\n\t\t\t\t\t\t<div class=\"elementor-element elementor-element-a78a8ef elementor-widget elementor-widget-image\" data-id=\"a78a8ef\" data-element_type=\"widget\" data-widget_type=\"image.default\">\n\t\t\t\t<div class=\"elementor-widget-container\">\n\t\t\t<style>\/*! elementor - v3.23.0 - 05-08-2024 *\/\n.elementor-widget-image{text-align:center}.elementor-widget-image a{display:inline-block}.elementor-widget-image a img[src$=\".svg\"]{width:48px}.elementor-widget-image img{vertical-align:middle;display:inline-block}<\/style>\t\t\t\t\t\t\t\t\t\t<img fetchpriority=\"high\" decoding=\"async\" width=\"600\" height=\"600\" src=\"https:\/\/totospets.com\/wp-content\/uploads\/2024\/07\/Untitled-design-2024-10-23T162652.098.jpg\" class=\"attachment-full size-full wp-image-27410\" alt=\"\" srcset=\"https:\/\/totospets.com\/wp-content\/uploads\/2024\/07\/Untitled-design-2024-10-23T162652.098.jpg 600w, https:\/\/totospets.com\/wp-content\/uploads\/2024\/07\/Untitled-design-2024-10-23T162652.098-460x460.jpg 460w, https:\/\/totospets.com\/wp-content\/uploads\/2024\/07\/Untitled-design-2024-10-23T162652.098-115x115.jpg 115w, https:\/\/totospets.com\/wp-content\/uploads\/2024\/07\/Untitled-design-2024-10-23T162652.098-231x231.jpg 231w, https:\/\/totospets.com\/wp-content\/uploads\/2024\/07\/Untitled-design-2024-10-23T162652.098-50x50.jpg 50w, https:\/\/totospets.com\/wp-content\/uploads\/2024\/07\/Untitled-design-2024-10-23T162652.098-100x100.jpg 100w\" sizes=\"(max-width: 600px) 100vw, 600px\" \/>\t\t\t\t\t\t\t\t\t\t\t\t\t<\/div>\n\t\t\t\t<\/div>\n\t\t\t\t\t<\/div>\n\t\t<\/div>\n\t\t\t\t\t<\/div>\n\t\t<\/section>\n\t\t\t\t\t<\/div>\n\t\t<\/div>\n\t\t\t\t\t<\/div>\n\t\t<\/section>\n\t\t\t\t<section class=\"elementor-section elementor-top-section elementor-element elementor-element-4e864da elementor-section-boxed elementor-section-height-default elementor-section-height-default\" data-id=\"4e864da\" data-element_type=\"section\">\n\t\t\t\t\t\t<div class=\"elementor-container elementor-column-gap-default\">\n\t\t\t\t\t<div class=\"elementor-column elementor-col-100 elementor-top-column elementor-element elementor-element-822d30d\" data-id=\"822d30d\" data-element_type=\"column\">\n\t\t\t<div class=\"elementor-widget-wrap elementor-element-populated\">\n\t\t\t\t\t\t<section class=\"elementor-section elementor-inner-section elementor-element elementor-element-80f017b elementor-reverse-mobile elementor-section-boxed elementor-section-height-default elementor-section-height-default\" data-id=\"80f017b\" data-element_type=\"section\">\n\t\t\t\t\t\t<div class=\"elementor-container elementor-column-gap-default\">\n\t\t\t\t\t<div class=\"elementor-column elementor-col-50 elementor-inner-column elementor-element elementor-element-4be32e8\" data-id=\"4be32e8\" data-element_type=\"column\">\n\t\t\t<div class=\"elementor-widget-wrap elementor-element-populated\">\n\t\t\t\t\t\t<div class=\"elementor-element elementor-element-84ab4c9 elementor-widget elementor-widget-image\" data-id=\"84ab4c9\" data-element_type=\"widget\" data-widget_type=\"image.default\">\n\t\t\t\t<div class=\"elementor-widget-container\">\n\t\t\t\t\t\t\t\t\t\t\t\t\t<img decoding=\"async\" width=\"600\" height=\"600\" src=\"https:\/\/totospets.com\/wp-content\/uploads\/2024\/07\/Untitled-design-2024-10-23T163038.920.jpg\" class=\"attachment-full size-full wp-image-27423\" alt=\"\" srcset=\"https:\/\/totospets.com\/wp-content\/uploads\/2024\/07\/Untitled-design-2024-10-23T163038.920.jpg 600w, https:\/\/totospets.com\/wp-content\/uploads\/2024\/07\/Untitled-design-2024-10-23T163038.920-460x460.jpg 460w, https:\/\/totospets.com\/wp-content\/uploads\/2024\/07\/Untitled-design-2024-10-23T163038.920-115x115.jpg 115w, https:\/\/totospets.com\/wp-content\/uploads\/2024\/07\/Untitled-design-2024-10-23T163038.920-231x231.jpg 231w, https:\/\/totospets.com\/wp-content\/uploads\/2024\/07\/Untitled-design-2024-10-23T163038.920-50x50.jpg 50w, https:\/\/totospets.com\/wp-content\/uploads\/2024\/07\/Untitled-design-2024-10-23T163038.920-100x100.jpg 100w\" sizes=\"(max-width: 600px) 100vw, 600px\" \/>\t\t\t\t\t\t\t\t\t\t\t\t\t<\/div>\n\t\t\t\t<\/div>\n\t\t\t\t\t<\/div>\n\t\t<\/div>\n\t\t\t\t<div class=\"elementor-column elementor-col-50 elementor-inner-column elementor-element elementor-element-353ec9f\" data-id=\"353ec9f\" data-element_type=\"column\">\n\t\t\t<div class=\"elementor-widget-wrap elementor-element-populated\">\n\t\t\t\t\t\t<div class=\"elementor-element elementor-element-559cf3c elementor-widget elementor-widget-text-editor\" data-id=\"559cf3c\" data-element_type=\"widget\" data-widget_type=\"text-editor.default\">\n\t\t\t\t<div class=\"elementor-widget-container\">\n\t\t\t<style>\/*! elementor - v3.23.0 - 05-08-2024 *\/\n.elementor-widget-text-editor.elementor-drop-cap-view-stacked .elementor-drop-cap{background-color:#69727d;color:#fff}.elementor-widget-text-editor.elementor-drop-cap-view-framed .elementor-drop-cap{color:#69727d;border:3px solid;background-color:transparent}.elementor-widget-text-editor:not(.elementor-drop-cap-view-default) .elementor-drop-cap{margin-top:8px}.elementor-widget-text-editor:not(.elementor-drop-cap-view-default) .elementor-drop-cap-letter{width:1em;height:1em}.elementor-widget-text-editor .elementor-drop-cap{float:left;text-align:center;line-height:1;font-size:50px}.elementor-widget-text-editor .elementor-drop-cap-letter{display:inline-block}<\/style>\t\t\t\t<div class=\"relative p-1 rounded-sm flex items-center justify-center bg-token-main-surface-primary text-token-text-primary h-8 w-8\">Ovaj ru\u010dno izra\u0111eni pli\u0161ani krevet za pse dizajniran je za vrhunsku udobnost i potporu, \u0161to ga \u010dini savr\u0161enim izborom za va\u0161eg krznenog prijatelja. Izra\u0111en u Europi, sadr\u017ei vodoodbojni materijal koji poma\u017ee u odr\u017eavanju \u010disto\u0107e i suho\u0107e.<\/div><div>\u00a0<\/div><div class=\"relative p-1 rounded-sm flex items-center justify-center bg-token-main-surface-primary text-token-text-primary h-8 w-8\">Dostupan u vi\u0161e boja, krevet uklju\u010duje uklonjivi unutarnji jastuk koji se mo\u017ee koristiti zasebno za dodatnu svestranost. Navlaka se mo\u017ee prati i lako se skida, \u0161to osigurava jednostavno odr\u017eavanje. Tako\u0111er ima neklizaju\u0107e dno za stabilnost i visokokvalitetni patentni zatvara\u010d za izdr\u017eljivost.<\/div><div>\u00a0<\/div><div class=\"relative p-1 rounded-sm flex items-center justify-center bg-token-main-surface-primary text-token-text-primary h-8 w-8\">Osim toga, dostupne su opcije personalizacije koje vam omogu\u0107uju dodavanje imena va\u0161eg psa za jedinstven dodir. Ovaj krevet je moderan, ali funkcionalan dodatak va\u0161em domu.<\/div><div>\u00a0<\/div><div class=\"relative p-1 rounded-sm flex items-center justify-center bg-token-main-surface-primary text-token-text-primary h-8 w-8\">Imajte na umu da ukrasni jastuci nisu uklju\u010deni.<\/div>\t\t\t\t\t\t<\/div>\n\t\t\t\t<\/div>\n\t\t\t\t\t<\/div>\n\t\t<\/div>\n\t\t\t\t\t<\/div>\n\t\t<\/section>\n\t\t\t\t\t<\/div>\n\t\t<\/div>\n\t\t\t\t\t<\/div>\n\t\t<\/section>\n\t\t\t\t<\/div>\n\t\t","protected":false},"excerpt":{"rendered":"<p>Razmazite svog krznenog prijatelja ovim elegantnim, ru\u010dno izra\u0111enim pli\u0161anim krevetom za pse koji nudi vrhunsku udobnost, vodoodbojnu za\u0161titu i mogu\u0107nost personalizacije njegovim imenom!<\/p>\n<ul>\n<li><span style=\"color: #0052b0;\"><strong>Jedna veli\u010dina, promjera 70 cm<\/strong><\/span><\/li>\n<li><span style=\"color: #0052b0;\"><strong>Protuklizno dno<\/strong><\/span><\/li>\n<li><span style=\"color: #0052b0;\"><strong>Navlake koje se lako \u010diste, mogu se prati u perilici<\/strong><strong><br \/>\n<\/strong><\/span><\/li>\n<\/ul>\n","protected":false},"featured_media":27866,"template":"","meta":[],"product_cat":[148],"product_tag":[46,68],"class_list":{"0":"post-8410","1":"product","2":"type-product","3":"status-publish","4":"has-post-thumbnail","6":"product_cat-beds","7":"product_tag-bed","8":"product_tag-dog","10":"first","11":"instock","12":"shipping-taxable","13":"purchasable","14":"product-type-simple"},"_links":{"self":[{"href":"https:\/\/totospets.com\/sl\/wp-json\/wp\/v2\/product\/8410","targetHints":{"allow":["GET"]}}],"collection":[{"href":"https:\/\/totospets.com\/sl\/wp-json\/wp\/v2\/product"}],"about":[{"href":"https:\/\/totospets.com\/sl\/wp-json\/wp\/v2\/types\/product"}],"version-history":[{"count":0,"href":"https:\/\/totospets.com\/sl\/wp-json\/wp\/v2\/product\/8410\/revisions"}],"wp:featuredmedia":[{"embeddable":true,"href":"https:\/\/totospets.com\/sl\/wp-json\/wp\/v2\/media\/27866"}],"wp:attachment":[{"href":"https:\/\/totospets.com\/sl\/wp-json\/wp\/v2\/media?parent=8410"}],"wp:term":[{"taxonomy":"product_cat","embeddable":true,"href":"https:\/\/totospets.com\/sl\/wp-json\/wp\/v2\/product_cat?post=8410"},{"taxonomy":"product_tag","embeddable":true,"href":"https:\/\/totospets.com\/sl\/wp-json\/wp\/v2\/product_tag?post=8410"}],"curies":[{"name":"wp","href":"https:\/\/api.w.org\/{rel}","templated":true}]}}