{"id":25568,"date":"2024-07-08T21:30:06","date_gmt":"2024-07-08T21:30:06","guid":{"rendered":"https:\/\/totospets.com\/shop\/rojstnodnevni-komplet-za-psa\/"},"modified":"2024-08-02T12:31:43","modified_gmt":"2024-08-02T12:31:43","slug":"rojstnodnevni-komplet-za-psa","status":"publish","type":"product","link":"https:\/\/totospets.com\/sl\/shop\/rojstnodnevni-komplet-za-psa\/","title":{"rendered":"Rojstnodnevni Komplet Za Psa"},"content":{"rendered":"\t\t<div data-elementor-type=\"wp-post\" data-elementor-id=\"25568\" class=\"elementor elementor-25568 elementor-6535\" data-elementor-post-type=\"product\">\n\t\t\t\t<div class=\"elementor-element elementor-element-536a3759 e-flex e-con-boxed e-con e-parent\" data-id=\"536a3759\" data-element_type=\"container\">\n\t\t\t\t\t<div class=\"e-con-inner\">\n\t\t\t\t<div class=\"elementor-element elementor-element-2476d843 elementor-widget elementor-widget-text-editor\" data-id=\"2476d843\" data-element_type=\"widget\" data-widget_type=\"text-editor.default\">\n\t\t\t\t<div class=\"elementor-widget-container\">\n\t\t\t<style>\/*! elementor - v3.23.0 - 05-08-2024 *\/\n.elementor-widget-text-editor.elementor-drop-cap-view-stacked .elementor-drop-cap{background-color:#69727d;color:#fff}.elementor-widget-text-editor.elementor-drop-cap-view-framed .elementor-drop-cap{color:#69727d;border:3px solid;background-color:transparent}.elementor-widget-text-editor:not(.elementor-drop-cap-view-default) .elementor-drop-cap{margin-top:8px}.elementor-widget-text-editor:not(.elementor-drop-cap-view-default) .elementor-drop-cap-letter{width:1em;height:1em}.elementor-widget-text-editor .elementor-drop-cap{float:left;text-align:center;line-height:1;font-size:50px}.elementor-widget-text-editor .elementor-drop-cap-letter{display:inline-block}<\/style>\t\t\t\t<p>Praznujte poseben dan svojega kosmatega prijatelja z na\u0161im \u010dudovitim kompletom za rojstni dan psov, ki vsebuje prazni\u010dno kapo in \u0161al, ki sta na voljo v ro\u017enati in modri barvi.<br \/>\nNarejen iz visokokakovostne tkanine, ta komplet zagotavlja udobno prileganje z velikostjo 63 * 43 * 43 cm.<br \/>\nKot nala\u0161\u010d za fotografije in zabave, doda pridih zabave vsakemu rojstnodnevnemu praznovanju.  <\/p><\/p>\n\t\t\t\t\t\t<\/div>\n\t\t\t\t<\/div>\n\t\t\t\t\t<\/div>\n\t\t\t\t<\/div>\n\t\t\t\t<\/div>\n\t\t","protected":false},"excerpt":{"rendered":"<p>Praznujte v slogu z na\u0161im sr\u010dkanim in barvitim kompletom za rojstni dan psa!  <\/p>\n<ul>\n<li><strong>Set je narejen iz prazni\u010dne kape in \u0161ala  <\/strong><\/li>\n<li><strong>Za popolne fotografije za rojstni dan<\/strong><\/li>\n<li><strong>Modri ali ro\u017enati komplet<\/strong><\/li>\n<\/ul>\n","protected":false},"featured_media":8617,"template":"","meta":[],"product_cat":[442,422],"product_tag":[444,398,443],"class_list":{"0":"post-25568","1":"product","2":"type-product","3":"status-publish","4":"has-post-thumbnail","6":"product_cat-oblacila-obutev-in-modni-dodatki","7":"product_cat-oprema-za-pse-sl","8":"product_tag-nastaviti","9":"product_tag-pes","10":"product_tag-rojstni-dan","12":"first","13":"instock","14":"shipping-taxable","15":"purchasable","16":"product-type-variable","17":"has-default-attributes"},"_links":{"self":[{"href":"https:\/\/totospets.com\/sl\/wp-json\/wp\/v2\/product\/25568","targetHints":{"allow":["GET"]}}],"collection":[{"href":"https:\/\/totospets.com\/sl\/wp-json\/wp\/v2\/product"}],"about":[{"href":"https:\/\/totospets.com\/sl\/wp-json\/wp\/v2\/types\/product"}],"version-history":[{"count":0,"href":"https:\/\/totospets.com\/sl\/wp-json\/wp\/v2\/product\/25568\/revisions"}],"wp:featuredmedia":[{"embeddable":true,"href":"https:\/\/totospets.com\/sl\/wp-json\/wp\/v2\/media\/8617"}],"wp:attachment":[{"href":"https:\/\/totospets.com\/sl\/wp-json\/wp\/v2\/media?parent=25568"}],"wp:term":[{"taxonomy":"product_cat","embeddable":true,"href":"https:\/\/totospets.com\/sl\/wp-json\/wp\/v2\/product_cat?post=25568"},{"taxonomy":"product_tag","embeddable":true,"href":"https:\/\/totospets.com\/sl\/wp-json\/wp\/v2\/product_tag?post=25568"}],"curies":[{"name":"wp","href":"https:\/\/api.w.org\/{rel}","templated":true}]}}