{"id":26388,"date":"2024-07-09T10:42:39","date_gmt":"2024-07-09T10:42:39","guid":{"rendered":"https:\/\/totospets.com\/shop\/haustier-keramik-schuessel\/"},"modified":"2024-08-12T20:24:11","modified_gmt":"2024-08-12T20:24:11","slug":"haustier-keramik-schuessel","status":"publish","type":"product","link":"https:\/\/totospets.com\/de\/shop\/haustier-keramik-schuessel\/","title":{"rendered":"Haustier Keramik Sch\u00fcssel"},"content":{"rendered":"\t\t<div data-elementor-type=\"wp-post\" data-elementor-id=\"26388\" class=\"elementor elementor-26388 elementor-6622\" data-elementor-post-type=\"product\">\n\t\t\t\t<div class=\"elementor-element elementor-element-1792506c e-flex e-con-boxed e-con e-parent\" data-id=\"1792506c\" data-element_type=\"container\">\n\t\t\t\t\t<div class=\"e-con-inner\">\n\t\t\t\t<div class=\"elementor-element elementor-element-7dde8718 elementor-widget elementor-widget-text-editor\" data-id=\"7dde8718\" data-element_type=\"widget\" data-widget_type=\"text-editor.default\">\n\t\t\t\t<div class=\"elementor-widget-container\">\n\t\t\t<style>\/*! elementor - v3.23.0 - 05-08-2024 *\/\n.elementor-widget-text-editor.elementor-drop-cap-view-stacked .elementor-drop-cap{background-color:#69727d;color:#fff}.elementor-widget-text-editor.elementor-drop-cap-view-framed .elementor-drop-cap{color:#69727d;border:3px solid;background-color:transparent}.elementor-widget-text-editor:not(.elementor-drop-cap-view-default) .elementor-drop-cap{margin-top:8px}.elementor-widget-text-editor:not(.elementor-drop-cap-view-default) .elementor-drop-cap-letter{width:1em;height:1em}.elementor-widget-text-editor .elementor-drop-cap{float:left;text-align:center;line-height:1;font-size:50px}.elementor-widget-text-editor .elementor-drop-cap-letter{display:inline-block}<\/style>\t\t\t\t<p><span style=\"color: #0052b0;\"><strong>Hochwertige Materialien:<\/strong><\/span> Keramikschale mit Bambusholzst\u00e4nder f\u00fcr Langlebigkeit und \u00c4sthetik.<\/p>\n<p><strong><span style=\"color: #0052b0;\">Erh\u00f6hter St\u00e4nder:<\/span><\/strong> Das erh\u00f6hte Design mit einem schr\u00e4gen Winkel f\u00f6rdert das bequeme Fressen und sch\u00fctzt den Hals Ihres Haustieres.<\/p>\n<p><strong><span style=\"color: #0052b0;\">Vielzahl von Farben:<\/span><\/strong> Erh\u00e4ltlich in mehreren Farben, um Ihre Wohnkultur zu erg\u00e4nzen.<\/p>\n<p><span style=\"color: #0052b0;\"><strong>Gr\u00f6\u00dfe und Gewicht<\/strong>:<\/span> Misst 27,5 * 6,5 cm und wiegt 1200 g, um Stabilit\u00e4t w\u00e4hrend des Gebrauchs zu gew\u00e4hrleisten.<\/p>\n<p><strong><span style=\"color: #0052b0;\">Einfache Wartung: <\/span><\/strong>Sp\u00fclmaschinen- und mikrowellenfest f\u00fcr bequemes Reinigen und Heizen.<\/p>\n\t\t\t\t\t\t<\/div>\n\t\t\t\t<\/div>\n\t\t\t\t\t<\/div>\n\t\t\t\t<\/div>\n\t\t<div class=\"elementor-element elementor-element-efdfb4c e-flex e-con-boxed e-con e-parent\" data-id=\"efdfb4c\" data-element_type=\"container\">\n\t\t\t\t\t<div class=\"e-con-inner\">\n\t\t\t\t<div class=\"elementor-element elementor-element-6340f9f elementor-widget elementor-widget-image\" data-id=\"6340f9f\" data-element_type=\"widget\" data-widget_type=\"image.default\">\n\t\t\t\t<div class=\"elementor-widget-container\">\n\t\t\t<style>\/*! elementor - v3.23.0 - 05-08-2024 *\/\n.elementor-widget-image{text-align:center}.elementor-widget-image a{display:inline-block}.elementor-widget-image a img[src$=\".svg\"]{width:48px}.elementor-widget-image img{vertical-align:middle;display:inline-block}<\/style>\t\t\t\t\t\t\t\t\t\t<img decoding=\"async\" src=\"https:\/\/totospets.com\/wp-content\/uploads\/2024\/07\/dog-bed-23.jpg\" title=\"dog bed (23)\" alt=\"dog bed (23)\" loading=\"lazy\" \/>\t\t\t\t\t\t\t\t\t\t\t\t\t<\/div>\n\t\t\t\t<\/div>\n\t\t\t\t\t<\/div>\n\t\t\t\t<\/div>\n\t\t\t\t<\/div>\n\t\t","protected":false},"excerpt":{"rendered":"<p>Mache die F\u00fctterungszeit zum Statement mit unserem Keramikfressnapf f\u00fcr Haustiere. Er vereint hochwertige Materialien und ergonomisches Design f\u00fcr h\u00f6chsten Komfort deiner Vierbeiner. <\/p>\n<ul>\n<li><strong>Hochwertige Materialien<\/strong><\/li>\n<li><strong>Ergonomisches Design<\/strong><\/li>\n<li><strong>Sp\u00fclmaschinen- und mikrowellenfest<\/strong><\/li>\n<\/ul>\n","protected":false},"featured_media":8228,"template":"","meta":[],"product_cat":[580],"product_tag":[573,582,581],"class_list":{"0":"post-26388","1":"product","2":"type-product","3":"status-publish","4":"has-post-thumbnail","6":"product_cat-schalenfress-oder-wassernapfe","7":"product_tag-hund","8":"product_tag-keramik","9":"product_tag-schussel","10":"pa_color-grun","11":"pa_color-rosa","12":"pa_color-schwarz","13":"pa_color-weis","15":"first","16":"instock","17":"shipping-taxable","18":"purchasable","19":"product-type-variable","20":"has-default-attributes"},"_links":{"self":[{"href":"https:\/\/totospets.com\/de\/wp-json\/wp\/v2\/product\/26388","targetHints":{"allow":["GET"]}}],"collection":[{"href":"https:\/\/totospets.com\/de\/wp-json\/wp\/v2\/product"}],"about":[{"href":"https:\/\/totospets.com\/de\/wp-json\/wp\/v2\/types\/product"}],"version-history":[{"count":0,"href":"https:\/\/totospets.com\/de\/wp-json\/wp\/v2\/product\/26388\/revisions"}],"wp:featuredmedia":[{"embeddable":true,"href":"https:\/\/totospets.com\/de\/wp-json\/wp\/v2\/media\/8228"}],"wp:attachment":[{"href":"https:\/\/totospets.com\/de\/wp-json\/wp\/v2\/media?parent=26388"}],"wp:term":[{"taxonomy":"product_cat","embeddable":true,"href":"https:\/\/totospets.com\/de\/wp-json\/wp\/v2\/product_cat?post=26388"},{"taxonomy":"product_tag","embeddable":true,"href":"https:\/\/totospets.com\/de\/wp-json\/wp\/v2\/product_tag?post=26388"}],"curies":[{"name":"wp","href":"https:\/\/api.w.org\/{rel}","templated":true}]}}