{"id":26383,"date":"2024-07-11T07:44:55","date_gmt":"2024-07-11T07:44:55","guid":{"rendered":"https:\/\/totospets.com\/shop\/haustierhaarentferner-pflegehandschuh\/"},"modified":"2024-08-12T12:29:14","modified_gmt":"2024-08-12T12:29:14","slug":"haustierhaarentferner-pflegehandschuh","status":"publish","type":"product","link":"https:\/\/totospets.com\/de\/shop\/haustierhaarentferner-pflegehandschuh\/","title":{"rendered":"Haustierhaarentferner-Pflegehandschuh"},"content":{"rendered":"\t\t<div data-elementor-type=\"wp-post\" data-elementor-id=\"26383\" class=\"elementor elementor-26383 elementor-6957\" data-elementor-post-type=\"product\">\n\t\t\t\t\t\t<section class=\"elementor-section elementor-top-section elementor-element elementor-element-4bbeb17 elementor-section-boxed elementor-section-height-default elementor-section-height-default\" data-id=\"4bbeb17\" data-element_type=\"section\">\n\t\t\t\t\t\t<div class=\"elementor-container elementor-column-gap-default\">\n\t\t\t\t\t<div class=\"elementor-column elementor-col-100 elementor-top-column elementor-element elementor-element-9d7c1fa\" data-id=\"9d7c1fa\" data-element_type=\"column\">\n\t\t\t<div class=\"elementor-widget-wrap elementor-element-populated\">\n\t\t\t\t\t\t<section class=\"elementor-section elementor-inner-section elementor-element elementor-element-1e47d99 elementor-section-boxed elementor-section-height-default elementor-section-height-default\" data-id=\"1e47d99\" data-element_type=\"section\">\n\t\t\t\t\t\t<div class=\"elementor-container elementor-column-gap-default\">\n\t\t\t\t\t<div class=\"elementor-column elementor-col-50 elementor-inner-column elementor-element elementor-element-26116b4\" data-id=\"26116b4\" data-element_type=\"column\">\n\t\t\t<div class=\"elementor-widget-wrap elementor-element-populated\">\n\t\t\t\t\t\t<div class=\"elementor-element elementor-element-b2d74d1 elementor-align-left elementor-icon-list--layout-traditional elementor-list-item-link-full_width elementor-widget elementor-widget-icon-list\" data-id=\"b2d74d1\" data-element_type=\"widget\" data-widget_type=\"icon-list.default\">\n\t\t\t\t<div class=\"elementor-widget-container\">\n\t\t\t<link rel=\"stylesheet\" href=\"https:\/\/totospets.com\/wp-content\/uploads\/elementor\/css\/custom-widget-icon-list.min.css?ver=1746651839\">\t\t<ul class=\"elementor-icon-list-items\">\n\t\t\t\t\t\t\t<li class=\"elementor-icon-list-item\">\n\t\t\t\t\t\t\t\t\t\t\t<span class=\"elementor-icon-list-icon\">\n\t\t\t\t\t\t\t<svg aria-hidden=\"true\" class=\"e-font-icon-svg e-fas-paw\" viewBox=\"0 0 512 512\" xmlns=\"http:\/\/www.w3.org\/2000\/svg\"><path d=\"M256 224c-79.41 0-192 122.76-192 200.25 0 34.9 26.81 55.75 71.74 55.75 48.84 0 81.09-25.08 120.26-25.08 39.51 0 71.85 25.08 120.26 25.08 44.93 0 71.74-20.85 71.74-55.75C448 346.76 335.41 224 256 224zm-147.28-12.61c-10.4-34.65-42.44-57.09-71.56-50.13-29.12 6.96-44.29 40.69-33.89 75.34 10.4 34.65 42.44 57.09 71.56 50.13 29.12-6.96 44.29-40.69 33.89-75.34zm84.72-20.78c30.94-8.14 46.42-49.94 34.58-93.36s-46.52-72.01-77.46-63.87-46.42 49.94-34.58 93.36c11.84 43.42 46.53 72.02 77.46 63.87zm281.39-29.34c-29.12-6.96-61.15 15.48-71.56 50.13-10.4 34.65 4.77 68.38 33.89 75.34 29.12 6.96 61.15-15.48 71.56-50.13 10.4-34.65-4.77-68.38-33.89-75.34zm-156.27 29.34c30.94 8.14 65.62-20.45 77.46-63.87 11.84-43.42-3.64-85.21-34.58-93.36s-65.62 20.45-77.46 63.87c-11.84 43.42 3.64 85.22 34.58 93.36z\"><\/path><\/svg>\t\t\t\t\t\t<\/span>\n\t\t\t\t\t\t\t\t\t\t<span class=\"elementor-icon-list-text\">Hochwertige Materialien \u2013 Mikrofaser und atmungsaktives 3D-Mesh-Gewebe mit Anti-Schwei\u00df-Funktion.<\/span>\n\t\t\t\t\t\t\t\t\t<\/li>\n\t\t\t\t\t\t\t\t<li class=\"elementor-icon-list-item\">\n\t\t\t\t\t\t\t\t\t\t\t<span class=\"elementor-icon-list-icon\">\n\t\t\t\t\t\t\t<svg aria-hidden=\"true\" class=\"e-font-icon-svg e-fas-paw\" viewBox=\"0 0 512 512\" xmlns=\"http:\/\/www.w3.org\/2000\/svg\"><path d=\"M256 224c-79.41 0-192 122.76-192 200.25 0 34.9 26.81 55.75 71.74 55.75 48.84 0 81.09-25.08 120.26-25.08 39.51 0 71.85 25.08 120.26 25.08 44.93 0 71.74-20.85 71.74-55.75C448 346.76 335.41 224 256 224zm-147.28-12.61c-10.4-34.65-42.44-57.09-71.56-50.13-29.12 6.96-44.29 40.69-33.89 75.34 10.4 34.65 42.44 57.09 71.56 50.13 29.12-6.96 44.29-40.69 33.89-75.34zm84.72-20.78c30.94-8.14 46.42-49.94 34.58-93.36s-46.52-72.01-77.46-63.87-46.42 49.94-34.58 93.36c11.84 43.42 46.53 72.02 77.46 63.87zm281.39-29.34c-29.12-6.96-61.15 15.48-71.56 50.13-10.4 34.65 4.77 68.38 33.89 75.34 29.12 6.96 61.15-15.48 71.56-50.13 10.4-34.65-4.77-68.38-33.89-75.34zm-156.27 29.34c30.94 8.14 65.62-20.45 77.46-63.87 11.84-43.42-3.64-85.21-34.58-93.36s-65.62 20.45-77.46 63.87c-11.84 43.42 3.64 85.22 34.58 93.36z\"><\/path><\/svg>\t\t\t\t\t\t<\/span>\n\t\t\t\t\t\t\t\t\t\t<span class=\"elementor-icon-list-text\">Deshedding Brush Glove \u2013 kombiniert die Funktionalit\u00e4t eines Handschuhs mit der Wirksamkeit einer Deshedding-B\u00fcrste und entfernt m\u00fchelos lose Haare, Schmutz und Hautschuppen.<\/span>\n\t\t\t\t\t\t\t\t\t<\/li>\n\t\t\t\t\t\t\t\t<li class=\"elementor-icon-list-item\">\n\t\t\t\t\t\t\t\t\t\t\t<span class=\"elementor-icon-list-icon\">\n\t\t\t\t\t\t\t<svg aria-hidden=\"true\" class=\"e-font-icon-svg e-fas-paw\" viewBox=\"0 0 512 512\" xmlns=\"http:\/\/www.w3.org\/2000\/svg\"><path d=\"M256 224c-79.41 0-192 122.76-192 200.25 0 34.9 26.81 55.75 71.74 55.75 48.84 0 81.09-25.08 120.26-25.08 39.51 0 71.85 25.08 120.26 25.08 44.93 0 71.74-20.85 71.74-55.75C448 346.76 335.41 224 256 224zm-147.28-12.61c-10.4-34.65-42.44-57.09-71.56-50.13-29.12 6.96-44.29 40.69-33.89 75.34 10.4 34.65 42.44 57.09 71.56 50.13 29.12-6.96 44.29-40.69 33.89-75.34zm84.72-20.78c30.94-8.14 46.42-49.94 34.58-93.36s-46.52-72.01-77.46-63.87-46.42 49.94-34.58 93.36c11.84 43.42 46.53 72.02 77.46 63.87zm281.39-29.34c-29.12-6.96-61.15 15.48-71.56 50.13-10.4 34.65 4.77 68.38 33.89 75.34 29.12 6.96 61.15-15.48 71.56-50.13 10.4-34.65-4.77-68.38-33.89-75.34zm-156.27 29.34c30.94 8.14 65.62-20.45 77.46-63.87 11.84-43.42-3.64-85.21-34.58-93.36s-65.62 20.45-77.46 63.87c-11.84 43.42 3.64 85.22 34.58 93.36z\"><\/path><\/svg>\t\t\t\t\t\t<\/span>\n\t\t\t\t\t\t\t\t\t\t<span class=\"elementor-icon-list-text\">Sanft und komfortabel \u2013 weiche Borsten sind sanft zur Haut Ihres Haustieres und bieten ein beruhigendes Pflegeerlebnis, w\u00e4hrend sie bequem an Ihrer Hand liegen.<\/span>\n\t\t\t\t\t\t\t\t\t<\/li>\n\t\t\t\t\t\t\t\t<li class=\"elementor-icon-list-item\">\n\t\t\t\t\t\t\t\t\t\t\t<span class=\"elementor-icon-list-icon\">\n\t\t\t\t\t\t\t<svg aria-hidden=\"true\" class=\"e-font-icon-svg e-fas-paw\" viewBox=\"0 0 512 512\" xmlns=\"http:\/\/www.w3.org\/2000\/svg\"><path d=\"M256 224c-79.41 0-192 122.76-192 200.25 0 34.9 26.81 55.75 71.74 55.75 48.84 0 81.09-25.08 120.26-25.08 39.51 0 71.85 25.08 120.26 25.08 44.93 0 71.74-20.85 71.74-55.75C448 346.76 335.41 224 256 224zm-147.28-12.61c-10.4-34.65-42.44-57.09-71.56-50.13-29.12 6.96-44.29 40.69-33.89 75.34 10.4 34.65 42.44 57.09 71.56 50.13 29.12-6.96 44.29-40.69 33.89-75.34zm84.72-20.78c30.94-8.14 46.42-49.94 34.58-93.36s-46.52-72.01-77.46-63.87-46.42 49.94-34.58 93.36c11.84 43.42 46.53 72.02 77.46 63.87zm281.39-29.34c-29.12-6.96-61.15 15.48-71.56 50.13-10.4 34.65 4.77 68.38 33.89 75.34 29.12 6.96 61.15-15.48 71.56-50.13 10.4-34.65-4.77-68.38-33.89-75.34zm-156.27 29.34c30.94 8.14 65.62-20.45 77.46-63.87 11.84-43.42-3.64-85.21-34.58-93.36s-65.62 20.45-77.46 63.87c-11.84 43.42 3.64 85.22 34.58 93.36z\"><\/path><\/svg>\t\t\t\t\t\t<\/span>\n\t\t\t\t\t\t\t\t\t\t<span class=\"elementor-icon-list-text\">  Verbessertes F\u00fcnf-Finger-Design \u2013 das Vollfinger-Design der Handschuhe hilft, das Fell fest in der Hand zu halten, so dass das Fell nicht wegfliegt.<\/span>\n\t\t\t\t\t\t\t\t\t<\/li>\n\t\t\t\t\t\t\t\t<li class=\"elementor-icon-list-item\">\n\t\t\t\t\t\t\t\t\t\t\t<span class=\"elementor-icon-list-icon\">\n\t\t\t\t\t\t\t<svg aria-hidden=\"true\" class=\"e-font-icon-svg e-fas-paw\" viewBox=\"0 0 512 512\" xmlns=\"http:\/\/www.w3.org\/2000\/svg\"><path d=\"M256 224c-79.41 0-192 122.76-192 200.25 0 34.9 26.81 55.75 71.74 55.75 48.84 0 81.09-25.08 120.26-25.08 39.51 0 71.85 25.08 120.26 25.08 44.93 0 71.74-20.85 71.74-55.75C448 346.76 335.41 224 256 224zm-147.28-12.61c-10.4-34.65-42.44-57.09-71.56-50.13-29.12 6.96-44.29 40.69-33.89 75.34 10.4 34.65 42.44 57.09 71.56 50.13 29.12-6.96 44.29-40.69 33.89-75.34zm84.72-20.78c30.94-8.14 46.42-49.94 34.58-93.36s-46.52-72.01-77.46-63.87-46.42 49.94-34.58 93.36c11.84 43.42 46.53 72.02 77.46 63.87zm281.39-29.34c-29.12-6.96-61.15 15.48-71.56 50.13-10.4 34.65 4.77 68.38 33.89 75.34 29.12 6.96 61.15-15.48 71.56-50.13 10.4-34.65-4.77-68.38-33.89-75.34zm-156.27 29.34c30.94 8.14 65.62-20.45 77.46-63.87 11.84-43.42-3.64-85.21-34.58-93.36s-65.62 20.45-77.46 63.87c-11.84 43.42 3.64 85.22 34.58 93.36z\"><\/path><\/svg>\t\t\t\t\t\t<\/span>\n\t\t\t\t\t\t\t\t\t\t<span class=\"elementor-icon-list-text\">Einfache Wartung \u2013 ziehen Sie einfach gesammelte Haare ab und sp\u00fclen Sie sie bei Bedarf unter Wasser ab, um sicherzustellen, dass der Handschuh sauber und einsatzbereit bleibt.<\/span>\n\t\t\t\t\t\t\t\t\t<\/li>\n\t\t\t\t\t\t<\/ul>\n\t\t\t\t<\/div>\n\t\t\t\t<\/div>\n\t\t\t\t\t<\/div>\n\t\t<\/div>\n\t\t\t\t<div class=\"elementor-column elementor-col-50 elementor-inner-column elementor-element elementor-element-d0664e8\" data-id=\"d0664e8\" data-element_type=\"column\">\n\t\t\t<div class=\"elementor-widget-wrap elementor-element-populated\">\n\t\t\t\t\t\t<div class=\"elementor-element elementor-element-50a4c66 elementor-widget elementor-widget-image\" data-id=\"50a4c66\" data-element_type=\"widget\" data-widget_type=\"image.default\">\n\t\t\t\t<div class=\"elementor-widget-container\">\n\t\t\t<style>\/*! elementor - v3.23.0 - 05-08-2024 *\/\n.elementor-widget-image{text-align:center}.elementor-widget-image a{display:inline-block}.elementor-widget-image a img[src$=\".svg\"]{width:48px}.elementor-widget-image img{vertical-align:middle;display:inline-block}<\/style>\t\t\t\t\t\t\t\t\t\t<img fetchpriority=\"high\" decoding=\"async\" width=\"600\" height=\"600\" src=\"https:\/\/totospets.com\/wp-content\/uploads\/2024\/07\/Dodajte-podnaslov.jpg\" class=\"attachment-full size-full wp-image-20889\" alt=\"\" srcset=\"https:\/\/totospets.com\/wp-content\/uploads\/2024\/07\/Dodajte-podnaslov.jpg 600w, https:\/\/totospets.com\/wp-content\/uploads\/2024\/07\/Dodajte-podnaslov-460x460.jpg 460w, https:\/\/totospets.com\/wp-content\/uploads\/2024\/07\/Dodajte-podnaslov-115x115.jpg 115w, https:\/\/totospets.com\/wp-content\/uploads\/2024\/07\/Dodajte-podnaslov-231x231.jpg 231w, https:\/\/totospets.com\/wp-content\/uploads\/2024\/07\/Dodajte-podnaslov-50x50.jpg 50w, https:\/\/totospets.com\/wp-content\/uploads\/2024\/07\/Dodajte-podnaslov-100x100.jpg 100w\" sizes=\"(max-width: 600px) 100vw, 600px\" \/>\t\t\t\t\t\t\t\t\t\t\t\t\t<\/div>\n\t\t\t\t<\/div>\n\t\t\t\t\t<\/div>\n\t\t<\/div>\n\t\t\t\t\t<\/div>\n\t\t<\/section>\n\t\t\t\t\t<\/div>\n\t\t<\/div>\n\t\t\t\t\t<\/div>\n\t\t<\/section>\n\t\t\t\t<section class=\"elementor-section elementor-top-section elementor-element elementor-element-2e65bf8 elementor-section-boxed elementor-section-height-default elementor-section-height-default\" data-id=\"2e65bf8\" data-element_type=\"section\">\n\t\t\t\t\t\t<div class=\"elementor-container elementor-column-gap-default\">\n\t\t\t\t\t<div class=\"elementor-column elementor-col-100 elementor-top-column elementor-element elementor-element-e43b936\" data-id=\"e43b936\" data-element_type=\"column\">\n\t\t\t<div class=\"elementor-widget-wrap elementor-element-populated\">\n\t\t\t\t\t\t<section class=\"elementor-section elementor-inner-section elementor-element elementor-element-47dc9eb elementor-reverse-mobile elementor-section-boxed elementor-section-height-default elementor-section-height-default\" data-id=\"47dc9eb\" data-element_type=\"section\">\n\t\t\t\t\t\t<div class=\"elementor-container elementor-column-gap-default\">\n\t\t\t\t\t<div class=\"elementor-column elementor-col-50 elementor-inner-column elementor-element elementor-element-b3d6d67\" data-id=\"b3d6d67\" data-element_type=\"column\">\n\t\t\t<div class=\"elementor-widget-wrap elementor-element-populated\">\n\t\t\t\t\t\t<div class=\"elementor-element elementor-element-e9c8de3 elementor-widget elementor-widget-image\" data-id=\"e9c8de3\" data-element_type=\"widget\" data-widget_type=\"image.default\">\n\t\t\t\t<div class=\"elementor-widget-container\">\n\t\t\t\t\t\t\t\t\t\t\t\t\t<img decoding=\"async\" width=\"600\" height=\"600\" src=\"https:\/\/totospets.com\/wp-content\/uploads\/2024\/07\/products-pic-9.jpg\" class=\"attachment-large size-large wp-image-20877\" alt=\"\" srcset=\"https:\/\/totospets.com\/wp-content\/uploads\/2024\/07\/products-pic-9.jpg 600w, https:\/\/totospets.com\/wp-content\/uploads\/2024\/07\/products-pic-9-460x460.jpg 460w, https:\/\/totospets.com\/wp-content\/uploads\/2024\/07\/products-pic-9-115x115.jpg 115w, https:\/\/totospets.com\/wp-content\/uploads\/2024\/07\/products-pic-9-231x231.jpg 231w, https:\/\/totospets.com\/wp-content\/uploads\/2024\/07\/products-pic-9-50x50.jpg 50w, https:\/\/totospets.com\/wp-content\/uploads\/2024\/07\/products-pic-9-100x100.jpg 100w\" sizes=\"(max-width: 600px) 100vw, 600px\" \/>\t\t\t\t\t\t\t\t\t\t\t\t\t<\/div>\n\t\t\t\t<\/div>\n\t\t\t\t\t<\/div>\n\t\t<\/div>\n\t\t\t\t<div class=\"elementor-column elementor-col-50 elementor-inner-column elementor-element elementor-element-d00d511\" data-id=\"d00d511\" data-element_type=\"column\">\n\t\t\t<div class=\"elementor-widget-wrap elementor-element-populated\">\n\t\t\t\t\t\t<div class=\"elementor-element elementor-element-6ebb5ea elementor-widget elementor-widget-text-editor\" data-id=\"6ebb5ea\" data-element_type=\"widget\" data-widget_type=\"text-editor.default\">\n\t\t\t\t<div class=\"elementor-widget-container\">\n\t\t\t<style>\/*! elementor - v3.23.0 - 05-08-2024 *\/\n.elementor-widget-text-editor.elementor-drop-cap-view-stacked .elementor-drop-cap{background-color:#69727d;color:#fff}.elementor-widget-text-editor.elementor-drop-cap-view-framed .elementor-drop-cap{color:#69727d;border:3px solid;background-color:transparent}.elementor-widget-text-editor:not(.elementor-drop-cap-view-default) .elementor-drop-cap{margin-top:8px}.elementor-widget-text-editor:not(.elementor-drop-cap-view-default) .elementor-drop-cap-letter{width:1em;height:1em}.elementor-widget-text-editor .elementor-drop-cap{float:left;text-align:center;line-height:1;font-size:50px}.elementor-widget-text-editor .elementor-drop-cap-letter{display:inline-block}<\/style>\t\t\t\t<p>\n            <strong>Informationen zur Verwendung:<\/strong>\n          <\/p>\n<ol>\n<li><strong>Ziehen Sie den Handschuh an<\/strong>: Ziehen Sie den Pflegehandschuh auf Ihre Hand und sichern Sie ihn mit dem verstellbaren Riemen, falls vorhanden.<\/li>\n<li><strong>Beginnen Sie mit der Fellpflege<\/strong>: Streicheln Sie das Fell Ihres Haustieres vorsichtig mit dem Handschuh und verwenden Sie lange, gleichm\u00e4\u00dfige Bewegungen, um lose Haare, Schmutz und Hautschuppen zu entfernen.<\/li>\n<li><strong>Massage und Pflege<\/strong>: Die weichen Borsten sorgen f\u00fcr eine sanfte Massage w\u00e4hrend der Fellpflege und machen es zu einem angenehmen Erlebnis f\u00fcr Ihr Haustier.<\/li>\n<li><strong>Reinigen Sie den Handschuh<\/strong>: Ziehen Sie nach der Fellpflege einfach die gesammelten Haare vom Handschuh ab und sp\u00fclen Sie sie bei Bedarf unter Wasser aus.<\/li>\n<li><strong>Wiederholen Sie den Vorgang nach Bedarf<\/strong>: Verwenden Sie den Handschuh regelm\u00e4\u00dfig, um ein sauberes und gepflegtes Fell f\u00fcr Ihr Haustier zu erhalten.<\/li>\n<\/ol>\n<p>Mit dem <strong>Tierhaarentferner-Pflegehandschuh<\/strong> war es noch nie so einfach, das Fell Ihres Haustieres sauber und gesund zu halten.<br \/>\nDie Kombination aus hochwertigen Materialien und praktischem Design sorgt daf\u00fcr, dass die Fellpflege sowohl f\u00fcr Sie als auch f\u00fcr Ihr Haustier effizient und angenehm ist.<br \/>\nVerabschieden Sie sich von losen Haaren und begr\u00fc\u00dfen Sie ein wundersch\u00f6n gepflegtes Haustier!  <\/p>\n\t\t\t\t\t\t<\/div>\n\t\t\t\t<\/div>\n\t\t\t\t\t<\/div>\n\t\t<\/div>\n\t\t\t\t\t<\/div>\n\t\t<\/section>\n\t\t\t\t\t<\/div>\n\t\t<\/div>\n\t\t\t\t\t<\/div>\n\t\t<\/section>\n\t\t\t\t<\/div>\n\t\t","protected":false},"excerpt":{"rendered":"<p>Entfernen Sie m\u00fchelos Haare, Schmutz und Hautschuppen, w\u00e4hrend Sie Ihrem Haustier eine beruhigende Massage mit unserem hochwertigen Pflegehandschuh g\u00f6nnen! <\/p>\n<ul>\n<li><strong>Einfache Haarentfernung<\/strong><\/li>\n<li><strong>Bequeme Passform (<span class=\"a-list-item\">Universalgr\u00f6\u00dfe)<\/span><\/strong><\/li>\n<li><strong>Schonend f\u00fcr Haustiere<\/strong><\/li>\n<\/ul>\n","protected":false},"featured_media":7569,"template":"","meta":[],"product_cat":[601],"product_tag":[593,591,573],"class_list":{"0":"post-26383","1":"product","2":"type-product","3":"status-publish","4":"has-post-thumbnail","6":"product_cat-reinigung-pflege","7":"product_tag-bursten","8":"product_tag-haustier","9":"product_tag-hund","11":"first","12":"instock","13":"sale","14":"shipping-taxable","15":"purchasable","16":"product-type-simple"},"_links":{"self":[{"href":"https:\/\/totospets.com\/de\/wp-json\/wp\/v2\/product\/26383","targetHints":{"allow":["GET"]}}],"collection":[{"href":"https:\/\/totospets.com\/de\/wp-json\/wp\/v2\/product"}],"about":[{"href":"https:\/\/totospets.com\/de\/wp-json\/wp\/v2\/types\/product"}],"version-history":[{"count":0,"href":"https:\/\/totospets.com\/de\/wp-json\/wp\/v2\/product\/26383\/revisions"}],"wp:featuredmedia":[{"embeddable":true,"href":"https:\/\/totospets.com\/de\/wp-json\/wp\/v2\/media\/7569"}],"wp:attachment":[{"href":"https:\/\/totospets.com\/de\/wp-json\/wp\/v2\/media?parent=26383"}],"wp:term":[{"taxonomy":"product_cat","embeddable":true,"href":"https:\/\/totospets.com\/de\/wp-json\/wp\/v2\/product_cat?post=26383"},{"taxonomy":"product_tag","embeddable":true,"href":"https:\/\/totospets.com\/de\/wp-json\/wp\/v2\/product_tag?post=26383"}],"curies":[{"name":"wp","href":"https:\/\/api.w.org\/{rel}","templated":true}]}}